{"id":2,"date":"2015-04-01T12:08:28","date_gmt":"2015-04-01T12:08:28","guid":{"rendered":"http:\/\/www.goldrecycling.com\/npm\/?page_id=2"},"modified":"2025-01-12T13:22:23","modified_gmt":"2025-01-12T12:22:23","slug":"exempelsida","status":"publish","type":"page","link":"https:\/\/www.goldrecycling.com\/npm\/","title":{"rendered":"VI KAN \u00c4DELMETALLER"},"content":{"rendered":"<div class=\"wpb-content-wrapper\"><p>[vc_section][vc_row][vc_column]<div class=\"wpb_content_element \"><style type=\"text\/css\">#ut_header_69f5b10e8a6a2 h2.section-title { font-size:45px !important; }@media (min-width: 1025px) { #ut_header_69f5b10e8a6a2 .lead { width:70%;margin: 0 auto;} }<\/style><header id=\"ut_header_69f5b10e8a6a2\" class=\"section-header  ut-no-title-linebreak-mobile ut-no-title-linebreak-tablet ut-no-lead-linebreak-mobile ut-no-lead-linebreak-tablet pt-style-7 header-center header-tablet-center header-mobile-center\"><h2 data-title=\"Svensk Dental\u00e5tervinning AB\"  data-responsive-font=\"section_title\" data-responsive-font-settings=\"{&quot;base-font-size&quot;:&quot;global&quot;,&quot;font-size&quot;:{&quot;desktop_large&quot;:&quot;45&quot;},&quot;base-line-height&quot;:&quot;global&quot;,&quot;base-letter-spacing&quot;:&quot;global&quot;}\" class=\"section-title  \"><span>Svensk Dental\u00e5tervinning AB<\/span><\/h2><div data-delay=\"0\" class=\"lead \"><p>Svensk Dental\u00e5tervinning AB grundades 1982 och tillhandah\u00e5ller en rikst\u00e4ckande tj\u00e4nst f\u00f6r \u00e5tervinning av \u00e4delmetaller. Under \u00e5rens lopp har verksamheten ut\u00f6kas och f\u00f6rutom att k\u00f6pa \u00e4delmetaller \u00e4ven fr\u00e5n privatpersoner s\u00e4ljer vi \u00e4delmetaller och produkter till guldsmeder, silversmeder, laboratorium och tillverkningsindustrier.<\/p>\n<\/div><\/header><\/div>[\/vc_column][\/vc_row][\/vc_section][vc_row css=&#8221;.vc_custom_1730300580402{margin-top: 80px !important;margin-bottom: 120px !important;}&#8221;][vc_column width=&#8221;1\/4&#8243;]<div  class=\"wpb_content_element   clearfix\"><style type=\"text\/css\">#ut_am_69f5b10e9ae92 { opacity: 1; }#ut_am_wrap_69f5b10e9ae93 .ut-image-gallery-item-caption-title h3 { letter-spacing: 0em; }#ut_am_wrap_69f5b10e9ae93 .ut-gallery-slider-caption { font-weight: bold; }#ut_am_wrap_69f5b10e9ae93 { text-align: left; }@media (min-width: 768px) and (max-width: 1024px) { #ut_am_wrap_69f5b10e9ae93 { text-align: left !important; } }@media (max-width: 767px) { #ut_am_wrap_69f5b10e9ae93 { text-align: center !important; } }<\/style><div id=\"ut_am_wrap_69f5b10e9ae93\" class=\"ut-image-gallery-image \"><div id=\"ut_reveal_69f5b10e9ae94\"  data-appear-top-offset=\"auto\" class=\"ut-animated-image-item ut-image-gallery-item ut-animation-done \"><a class=\"ut-deactivated-link\" href=\"#\"><div class=\"ut-animated-image-zoom\"><img loading=\"lazy\" decoding=\"async\" class=\"ut-lazy skip-lazy ut-animated-image \"  id=\"ut_am_69f5b10e9ae92\" src=\"data:image\/svg+xml;charset=utf-8,%3Csvg xmlns%3D'http%3A%2F%2Fwww.w3.org%2F2000%2Fsvg' viewBox%3D'0 0 400 250'%2F%3E\" data-src=\"https:\/\/www.goldrecycling.com\/npm\/wp-content\/uploads\/sites\/4\/2024\/10\/SvDent-och-NPM.jpg\" width=\"400\" height=\"250\" alt=\"\"\/><\/div><\/a><\/div><\/div><\/div>[vc_column_text css=&#8221;&#8221;]<\/p>\n<h3>Nordic Precious Metals<\/h3>\n<p>Nordic Precious Metals eller NPM som det ocks\u00e5 kallas \u00e4r numera en del av Svensk Dental\u00e5tervinning.[\/vc_column_text][\/vc_column][vc_column width=&#8221;1\/4&#8243;]<div  class=\"wpb_content_element   clearfix\"><style type=\"text\/css\">#ut_am_69f5b10e9b303 { opacity: 1; }#ut_am_wrap_69f5b10e9b305 .ut-image-gallery-item-caption-title h3 { letter-spacing: 0em; }#ut_am_wrap_69f5b10e9b305 .ut-gallery-slider-caption { font-weight: bold; }#ut_am_wrap_69f5b10e9b305 { text-align: left; }@media (min-width: 768px) and (max-width: 1024px) { #ut_am_wrap_69f5b10e9b305 { text-align: left !important; } }@media (max-width: 767px) { #ut_am_wrap_69f5b10e9b305 { text-align: center !important; } }<\/style><div id=\"ut_am_wrap_69f5b10e9b305\" class=\"ut-image-gallery-image \"><div id=\"ut_reveal_69f5b10e9b306\"  data-appear-top-offset=\"auto\" class=\"ut-animated-image-item ut-image-gallery-item ut-animation-done \"><a class=\"ut-deactivated-link\" href=\"#\"><div class=\"ut-animated-image-zoom\"><img loading=\"lazy\" decoding=\"async\" class=\"ut-lazy skip-lazy ut-animated-image \"  id=\"ut_am_69f5b10e9b303\" src=\"data:image\/svg+xml;charset=utf-8,%3Csvg xmlns%3D'http%3A%2F%2Fwww.w3.org%2F2000%2Fsvg' viewBox%3D'0 0 400 250'%2F%3E\" data-src=\"https:\/\/www.goldrecycling.com\/npm\/wp-content\/uploads\/sites\/4\/2024\/10\/Dollarphotoclub_59205175b.jpg\" width=\"400\" height=\"250\" alt=\"\"\/><\/div><\/a><\/div><\/div><\/div>[vc_column_text css=&#8221;&#8221;]<\/p>\n<h3>Service<\/h3>\n<p>Vi s\u00e4ljer legeringar och halvfabrikat i alla \u00e4delmetaller. Fr\u00e5ga oss g\u00e4rna om det \u00e4r n\u00e5got som ni inte hittar i webbutiken s\u00e5 ser vi om vi inte kan f\u00e5 fram det ocks\u00e5. Sj\u00e4lvklart s\u00e4ljer vi \u00e4ven granlier, klipp och gjutbitar i finmetaller upp till 99,99%.[\/vc_column_text][\/vc_column][vc_column width=&#8221;1\/4&#8243;]<div  class=\"wpb_content_element   clearfix\"><style type=\"text\/css\">#ut_am_69f5b10e9b760 { opacity: 1; }#ut_am_wrap_69f5b10e9b762 .ut-image-gallery-item-caption-title h3 { letter-spacing: 0em; }#ut_am_wrap_69f5b10e9b762 .ut-gallery-slider-caption { font-weight: bold; }#ut_am_wrap_69f5b10e9b762 { text-align: left; }@media (min-width: 768px) and (max-width: 1024px) { #ut_am_wrap_69f5b10e9b762 { text-align: left !important; } }@media (max-width: 767px) { #ut_am_wrap_69f5b10e9b762 { text-align: center !important; } }<\/style><div id=\"ut_am_wrap_69f5b10e9b762\" class=\"ut-image-gallery-image \"><div id=\"ut_reveal_69f5b10e9b763\"  data-appear-top-offset=\"auto\" class=\"ut-animated-image-item ut-image-gallery-item ut-animation-done \"><a class=\"ut-deactivated-link\" href=\"#\"><div class=\"ut-animated-image-zoom\"><img loading=\"lazy\" decoding=\"async\" class=\"ut-lazy skip-lazy ut-animated-image \"  id=\"ut_am_69f5b10e9b760\" src=\"data:image\/svg+xml;charset=utf-8,%3Csvg xmlns%3D'http%3A%2F%2Fwww.w3.org%2F2000%2Fsvg' viewBox%3D'0 0 800 500'%2F%3E\" data-src=\"https:\/\/www.goldrecycling.com\/npm\/wp-content\/uploads\/sites\/4\/2024\/10\/AdobeStock_969887695.jpg\" width=\"800\" height=\"500\" alt=\"\"\/><\/div><\/a><\/div><\/div><\/div>[vc_column_text css=&#8221;&#8221;]<\/p>\n<h4>Best\u00e4llning<\/h4>\n<p>Ni best\u00e4ller enkelt via v\u00e5r hemsida goldrecycling.com dygnet runt. Sj\u00e4lvfallet g\u00e5r det \u00e4ven bra att ringa till oss p\u00e5 telefon 031-72 72\u00a0206 m\u00e5ndag till fredag 10:00 \u2013 12:00 . Ni kan \u00e4ven skicka ett mail med er best\u00e4llning p\u00e5 info@goldrecycling.com.<\/p>\n<p>Direktleverans vid bes\u00f6k p\u00e5 kontoret Travgatan 6 i M\u00f6lndal sker m\u00e5ndag till fredag 08:30 \u2013 13:30. Kan \u00e4ven ske \u00f6vrig tid efter \u00f6verenskommelse.[\/vc_column_text][\/vc_column][vc_column width=&#8221;1\/4&#8243;]<div  class=\"wpb_content_element   clearfix\"><style type=\"text\/css\">#ut_am_69f5b10e9bbd1 { opacity: 1; }#ut_am_wrap_69f5b10e9bbd3 .ut-image-gallery-item-caption-title h3 { letter-spacing: 0em; }#ut_am_wrap_69f5b10e9bbd3 .ut-gallery-slider-caption { font-weight: bold; }#ut_am_wrap_69f5b10e9bbd3 { text-align: left; }@media (min-width: 768px) and (max-width: 1024px) { #ut_am_wrap_69f5b10e9bbd3 { text-align: left !important; } }@media (max-width: 767px) { #ut_am_wrap_69f5b10e9bbd3 { text-align: center !important; } }<\/style><div id=\"ut_am_wrap_69f5b10e9bbd3\" class=\"ut-image-gallery-image \"><div id=\"ut_reveal_69f5b10e9bbd4\"  data-appear-top-offset=\"auto\" class=\"ut-animated-image-item ut-image-gallery-item ut-animation-done \"><a class=\"ut-deactivated-link\" href=\"#\"><div class=\"ut-animated-image-zoom\"><img loading=\"lazy\" decoding=\"async\" class=\"ut-lazy skip-lazy ut-animated-image \"  id=\"ut_am_69f5b10e9bbd1\" src=\"data:image\/svg+xml;charset=utf-8,%3Csvg xmlns%3D'http%3A%2F%2Fwww.w3.org%2F2000%2Fsvg' viewBox%3D'0 0 800 500'%2F%3E\" data-src=\"https:\/\/www.goldrecycling.com\/npm\/wp-content\/uploads\/sites\/4\/2024\/10\/AdobeStock_883277705.jpg\" width=\"800\" height=\"500\" alt=\"\"\/><\/div><\/a><\/div><\/div><\/div>[vc_column_text css=&#8221;&#8221;]<\/p>\n<h3>Affinering<\/h3>\n<p>Vi erbjuder affinering av guld, silver, platina och palladium. Ni v\u00e4ljer sj\u00e4lva om ni vill anv\u00e4nda er av ett metallkonto eller s\u00e4lja metallerna direkt efter affinering.[\/vc_column_text][\/vc_column][\/vc_row]<\/p>\n<\/div>","protected":false},"excerpt":{"rendered":"<p>[vc_section][vc_row][vc_column][\/vc_column][\/vc_row][\/vc_section][vc_row css=&#8221;.vc_custom_1730300580402{margin-top: 80px !important;margin-bottom: 120px !important;}&#8221;][vc_column width=&#8221;1\/4&#8243;][vc_column_text css=&#8221;&#8221;] Nordic Precious Metals Nordic Precious Metals eller NPM som det ocks\u00e5 kallas \u00e4r numera en del av Svensk Dental\u00e5tervinning.[\/vc_column_text][\/vc_column][vc_column width=&#8221;1\/4&#8243;][vc_column_text css=&#8221;&#8221;] Service Vi s\u00e4ljer legeringar och halvfabrikat i alla \u00e4delmetaller. Fr\u00e5ga oss g\u00e4rna om det \u00e4r n\u00e5got som ni inte hittar i webbutiken s\u00e5 ser vi om [&hellip;]<\/p>\n","protected":false},"author":1,"featured_media":0,"parent":0,"menu_order":0,"comment_status":"closed","ping_status":"open","template":"template-homepage.php","meta":{"_acf_changed":false,"footnotes":""},"class_list":["post-2","page","type-page","status-publish","hentry"],"acf":[],"_links":{"self":[{"href":"https:\/\/www.goldrecycling.com\/npm\/wp-json\/wp\/v2\/pages\/2"}],"collection":[{"href":"https:\/\/www.goldrecycling.com\/npm\/wp-json\/wp\/v2\/pages"}],"about":[{"href":"https:\/\/www.goldrecycling.com\/npm\/wp-json\/wp\/v2\/types\/page"}],"author":[{"embeddable":true,"href":"https:\/\/www.goldrecycling.com\/npm\/wp-json\/wp\/v2\/users\/1"}],"replies":[{"embeddable":true,"href":"https:\/\/www.goldrecycling.com\/npm\/wp-json\/wp\/v2\/comments?post=2"}],"version-history":[{"count":16,"href":"https:\/\/www.goldrecycling.com\/npm\/wp-json\/wp\/v2\/pages\/2\/revisions"}],"predecessor-version":[{"id":1852,"href":"https:\/\/www.goldrecycling.com\/npm\/wp-json\/wp\/v2\/pages\/2\/revisions\/1852"}],"wp:attachment":[{"href":"https:\/\/www.goldrecycling.com\/npm\/wp-json\/wp\/v2\/media?parent=2"}],"curies":[{"name":"wp","href":"https:\/\/api.w.org\/{rel}","templated":true}]}}