{"id":17,"date":"2015-04-05T22:04:26","date_gmt":"2015-04-05T20:04:26","guid":{"rendered":"http:\/\/www.goldrecycling.com\/npm\/varukorg\/"},"modified":"2015-04-07T16:46:51","modified_gmt":"2015-04-07T14:46:51","slug":"varukorg","status":"publish","type":"page","link":"https:\/\/www.goldrecycling.com\/npm\/varukorg\/","title":{"rendered":"Varukorg"},"content":{"rendered":"<p><strong>Best\u00e4llningsinfo<\/strong><br \/>\nN\u00e4r vi mottagit best\u00e4llningen skickar vi en faktura till er. Betalningsvillkor \u00e4r 10 dagar efter godk\u00e4nd kreditkontroll f\u00f6r privatpersoner och 30 dagar f\u00f6r f\u00f6retag. Vid lite st\u00f6rre best\u00e4llningar till\u00e4mpas postf\u00f6rskott de f\u00f6rsta g\u00e5ngerna. Vid k\u00f6p av metall\u00e4mnen betalas en formkostnad och metallkostnad till dagspris. Leverans sker normalt sett inom en till tre dagar. Undantag fr\u00e5n special best\u00e4llningar samt n\u00e4r vi har slut i lager. Vi reserverar oss f\u00f6r f\u00f6r eventuella felaktiga prisuppgifter p\u00e5 hemsidan. L\u00f6pande uppdatering av priser sker p\u00e5 hemsidan. Kostnad f\u00f6r frakt och emballagetillkommer.<\/p>\n\n","protected":false},"excerpt":{"rendered":"<p>Best\u00e4llningsinfo N\u00e4r vi mottagit best\u00e4llningen skickar vi en faktura till er. Betalningsvillkor \u00e4r 10 dagar efter godk\u00e4nd kreditkontroll f\u00f6r privatpersoner och 30 dagar f\u00f6r f\u00f6retag. Vid lite st\u00f6rre best\u00e4llningar till\u00e4mpas postf\u00f6rskott de f\u00f6rsta g\u00e5ngerna. Vid k\u00f6p av metall\u00e4mnen betalas en formkostnad och metallkostnad till dagspris. Leverans sker normalt sett inom en till tre dagar. Undantag [&hellip;]<\/p>\n","protected":false},"author":1,"featured_media":0,"parent":0,"menu_order":0,"comment_status":"closed","ping_status":"open","template":"","meta":{"_acf_changed":false,"footnotes":""},"class_list":["post-17","page","type-page","status-publish","hentry"],"acf":[],"_links":{"self":[{"href":"https:\/\/www.goldrecycling.com\/npm\/wp-json\/wp\/v2\/pages\/17"}],"collection":[{"href":"https:\/\/www.goldrecycling.com\/npm\/wp-json\/wp\/v2\/pages"}],"about":[{"href":"https:\/\/www.goldrecycling.com\/npm\/wp-json\/wp\/v2\/types\/page"}],"author":[{"embeddable":true,"href":"https:\/\/www.goldrecycling.com\/npm\/wp-json\/wp\/v2\/users\/1"}],"replies":[{"embeddable":true,"href":"https:\/\/www.goldrecycling.com\/npm\/wp-json\/wp\/v2\/comments?post=17"}],"version-history":[{"count":2,"href":"https:\/\/www.goldrecycling.com\/npm\/wp-json\/wp\/v2\/pages\/17\/revisions"}],"predecessor-version":[{"id":1274,"href":"https:\/\/www.goldrecycling.com\/npm\/wp-json\/wp\/v2\/pages\/17\/revisions\/1274"}],"wp:attachment":[{"href":"https:\/\/www.goldrecycling.com\/npm\/wp-json\/wp\/v2\/media?parent=17"}],"curies":[{"name":"wp","href":"https:\/\/api.w.org\/{rel}","templated":true}]}}