{"id":23,"date":"2015-04-05T13:12:54","date_gmt":"2015-04-05T11:12:54","guid":{"rendered":"http:\/\/www.goldrecycling.com\/euroguld\/?page_id=23"},"modified":"2024-11-04T16:47:12","modified_gmt":"2024-11-04T15:47:12","slug":"bestall-var-guldpase","status":"publish","type":"page","link":"https:\/\/www.goldrecycling.com\/euroguld\/bestall-var-guldpase\/","title":{"rendered":"Guldp\u00e5se"},"content":{"rendered":"<div class=\"wpb-content-wrapper\"><p>[vc_row][vc_column width=&#8221;1\/6&#8243;][\/vc_column][vc_column width=&#8221;2\/3&#8243;][vc_column_text]<\/p>\n<h1>Best\u00e4ll v\u00e5r guldp\u00e5se<\/h1>\n<div class=\"rt-grid-6\">\n<div class=\"rt-block nomarginleft box3 widget_text widget\">S\u00e4lj ert guld och silver redan idag!<\/div>\n<div class=\"rt-block nomarginleft box3 widget_text widget\">H\u00e4r best\u00e4ller ni enkelt en p\u00e5se som ni\u00a0skickar in ert guld och silver till oss i och f\u00e5r bra betalt!<\/div>\n<div class=\"rt-block nomarginleft box3 widget_text widget\"><div class=\"forminator-ui forminator-custom-form forminator-custom-form-1052 forminator-design--default  forminator_ajax\" data-forminator-render=\"0\" data-form=\"forminator-module-1052\" data-uid=\"69f2f4ad749fe\"><br\/><\/div><form\n\t\t\t\tid=\"forminator-module-1052\"\n\t\t\t\tclass=\"forminator-ui forminator-custom-form forminator-custom-form-1052 forminator-design--default  forminator_ajax\"\n\t\t\t\tmethod=\"post\"\n\t\t\t\tdata-forminator-render=\"0\"\n\t\t\t\tdata-form-id=\"1052\"\n\t\t\t\t data-color-option=\"default\" data-design=\"default\" data-grid=\"open\" style=\"display: none;\"\n\t\t\t\tdata-uid=\"69f2f4ad749fe\"\n\t\t\t><div role=\"alert\" aria-live=\"polite\" class=\"forminator-response-message forminator-error\" aria-hidden=\"true\"><\/div><div class=\"forminator-row\"><div id=\"text-1\" class=\"forminator-field-text forminator-col forminator-col-12 \"><div class=\"forminator-field\"><label for=\"forminator-field-text-1_69f2f4ad749fe\" id=\"forminator-field-text-1_69f2f4ad749fe-label\" class=\"forminator-label\">F\u00f6retag<\/label><input type=\"text\" name=\"text-1\" value=\"\" placeholder=\"\" id=\"forminator-field-text-1_69f2f4ad749fe\" class=\"forminator-input forminator-name--field\" data-required=\"\" \/><\/div><\/div><\/div><div class=\"forminator-row\"><div id=\"text-2\" class=\"forminator-field-text forminator-col forminator-col-12 \"><div class=\"forminator-field\"><label for=\"forminator-field-text-2_69f2f4ad749fe\" id=\"forminator-field-text-2_69f2f4ad749fe-label\" class=\"forminator-label\">Ditt namn* <span class=\"forminator-required\">*<\/span><\/label><input type=\"text\" name=\"text-2\" value=\"\" placeholder=\"\" id=\"forminator-field-text-2_69f2f4ad749fe\" class=\"forminator-input forminator-name--field\" data-required=\"1\" \/><\/div><\/div><\/div><div class=\"forminator-row\"><div id=\"text-3\" class=\"forminator-field-text forminator-col forminator-col-12 \"><div class=\"forminator-field\"><label for=\"forminator-field-text-3_69f2f4ad749fe\" id=\"forminator-field-text-3_69f2f4ad749fe-label\" class=\"forminator-label\">Telefon<\/label><input type=\"text\" name=\"text-3\" value=\"\" placeholder=\"\" id=\"forminator-field-text-3_69f2f4ad749fe\" class=\"forminator-input forminator-name--field\" data-required=\"\" \/><\/div><\/div><\/div><div class=\"forminator-row\"><div id=\"email-1\" class=\"forminator-field-email forminator-col forminator-col-12 \"><div class=\"forminator-field\"><label for=\"forminator-field-email-1_69f2f4ad749fe\" id=\"forminator-field-email-1_69f2f4ad749fe-label\" class=\"forminator-label\">E-post* <span class=\"forminator-required\">*<\/span><\/label><input type=\"email\" name=\"email-1\" value=\"\" placeholder=\"\" id=\"forminator-field-email-1_69f2f4ad749fe\" class=\"forminator-input forminator-email--field\" data-required=\"1\" aria-required=\"true\" autocomplete=\"email\" \/><\/div><\/div><\/div><div class=\"forminator-row\"><div id=\"text-4\" class=\"forminator-field-text forminator-col forminator-col-12 \"><div class=\"forminator-field\"><label for=\"forminator-field-text-4_69f2f4ad749fe\" id=\"forminator-field-text-4_69f2f4ad749fe-label\" class=\"forminator-label\">Adress <span class=\"forminator-required\">*<\/span><\/label><input type=\"text\" name=\"text-4\" value=\"\" placeholder=\"\" id=\"forminator-field-text-4_69f2f4ad749fe\" class=\"forminator-input forminator-name--field\" data-required=\"1\" \/><\/div><\/div><\/div><div class=\"forminator-row\"><div id=\"text-5\" class=\"forminator-field-text forminator-col forminator-col-12 \"><div class=\"forminator-field\"><label for=\"forminator-field-text-5_69f2f4ad749fe\" id=\"forminator-field-text-5_69f2f4ad749fe-label\" class=\"forminator-label\">Postnummer* <span class=\"forminator-required\">*<\/span><\/label><input type=\"text\" name=\"text-5\" value=\"\" placeholder=\"\" id=\"forminator-field-text-5_69f2f4ad749fe\" class=\"forminator-input forminator-name--field\" data-required=\"1\" \/><\/div><\/div><\/div><div class=\"forminator-row\"><div id=\"text-6\" class=\"forminator-field-text forminator-col forminator-col-12 \"><div class=\"forminator-field\"><label for=\"forminator-field-text-6_69f2f4ad749fe\" id=\"forminator-field-text-6_69f2f4ad749fe-label\" class=\"forminator-label\">Ort* <span class=\"forminator-required\">*<\/span><\/label><input type=\"text\" name=\"text-6\" value=\"\" placeholder=\"\" id=\"forminator-field-text-6_69f2f4ad749fe\" class=\"forminator-input forminator-name--field\" data-required=\"1\" \/><\/div><\/div><\/div><div class=\"forminator-row\"><div id=\"textarea-1\" class=\"forminator-field-textarea forminator-col forminator-col-12 \"><div class=\"forminator-field\"><label for=\"forminator-field-textarea-1_69f2f4ad749fe\" id=\"forminator-field-textarea-1_69f2f4ad749fe-label\" class=\"forminator-label\">Meddelande<\/label><textarea name=\"textarea-1\" placeholder=\"\" id=\"forminator-field-textarea-1_69f2f4ad749fe\" class=\"forminator-textarea\" rows=\"6\" style=\"--forminator-textarea-min-height:140px;\" ><\/textarea><\/div><\/div><\/div><input type=\"hidden\" name=\"referer_url\" value=\"\" \/><div class=\"forminator-row forminator-row-last\"><div class=\"forminator-col\"><div class=\"forminator-field\"><button class=\"forminator-button forminator-button-submit\">Skicka<\/button><\/div><\/div><\/div><input type=\"hidden\" id=\"forminator_nonce\" name=\"forminator_nonce\" value=\"0918271daf\" \/><input type=\"hidden\" name=\"_wp_http_referer\" value=\"\/euroguld\/wp-json\/wp\/v2\/pages\/23\" \/><input type=\"hidden\" name=\"form_id\" value=\"1052\"><input type=\"hidden\" name=\"page_id\" value=\"23\"><input type=\"hidden\" name=\"form_type\" value=\"default\"><input type=\"hidden\" name=\"current_url\" value=\"https:\/\/www.goldrecycling.com\/euroguld\/bestall-var-guldpase\/\"><input type=\"hidden\" name=\"render_id\" value=\"0\"><input type=\"hidden\" name=\"action\" value=\"forminator_submit_form_custom-forms\"><label for=\"input_9\" class=\"forminator-hidden\" aria-hidden=\"true\">Please do not fill in this field. <input id=\"input_9\" type=\"text\" name=\"input_9\" value=\"\" autocomplete=\"off\"><\/label><\/form><\/div>\n<\/div>\n<p>[\/vc_column_text][\/vc_column][vc_column width=&#8221;1\/6&#8243;][\/vc_column][\/vc_row]<\/p>\n<\/div>","protected":false},"excerpt":{"rendered":"<p>[vc_row][vc_column width=&#8221;1\/6&#8243;][\/vc_column][vc_column width=&#8221;2\/3&#8243;][vc_column_text] Best\u00e4ll v\u00e5r guldp\u00e5se S\u00e4lj ert guld och silver redan idag! H\u00e4r best\u00e4ller ni enkelt en p\u00e5se som ni\u00a0skickar in ert guld och silver till oss i och f\u00e5r bra betalt! [\/vc_column_text][\/vc_column][vc_column width=&#8221;1\/6&#8243;][\/vc_column][\/vc_row]<\/p>\n","protected":false},"author":1,"featured_media":0,"parent":0,"menu_order":0,"comment_status":"open","ping_status":"open","template":"","meta":{"_acf_changed":false,"footnotes":""},"class_list":["post-23","page","type-page","status-publish","hentry"],"acf":[],"_links":{"self":[{"href":"https:\/\/www.goldrecycling.com\/euroguld\/wp-json\/wp\/v2\/pages\/23"}],"collection":[{"href":"https:\/\/www.goldrecycling.com\/euroguld\/wp-json\/wp\/v2\/pages"}],"about":[{"href":"https:\/\/www.goldrecycling.com\/euroguld\/wp-json\/wp\/v2\/types\/page"}],"author":[{"embeddable":true,"href":"https:\/\/www.goldrecycling.com\/euroguld\/wp-json\/wp\/v2\/users\/1"}],"replies":[{"embeddable":true,"href":"https:\/\/www.goldrecycling.com\/euroguld\/wp-json\/wp\/v2\/comments?post=23"}],"version-history":[{"count":8,"href":"https:\/\/www.goldrecycling.com\/euroguld\/wp-json\/wp\/v2\/pages\/23\/revisions"}],"predecessor-version":[{"id":1111,"href":"https:\/\/www.goldrecycling.com\/euroguld\/wp-json\/wp\/v2\/pages\/23\/revisions\/1111"}],"wp:attachment":[{"href":"https:\/\/www.goldrecycling.com\/euroguld\/wp-json\/wp\/v2\/media?parent=23"}],"curies":[{"name":"wp","href":"https:\/\/api.w.org\/{rel}","templated":true}]}}