{"id":2,"date":"2015-04-01T12:01:02","date_gmt":"2015-04-01T12:01:02","guid":{"rendered":"http:\/\/www.goldrecycling.com\/euroguld\/?page_id=2"},"modified":"2024-10-31T13:49:32","modified_gmt":"2024-10-31T12:49:32","slug":"vi-har-25-ars-erfarenhet-av-atervinning","status":"publish","type":"page","link":"https:\/\/www.goldrecycling.com\/euroguld\/","title":{"rendered":"S\u00c4LJ DITT GULD REDAN IDAG"},"content":{"rendered":"<div class=\"wpb-content-wrapper\"><p>[vc_row css=&#8221;.vc_custom_1730378741309{margin-top: 80px !important;margin-bottom: 120px !important;}&#8221;][vc_column]<div class=\"wpb_content_element \"><style type=\"text\/css\">#ut_header_69f3e622d8d2c h2.section-title { font-size:45px !important; }<\/style><header id=\"ut_header_69f3e622d8d2c\" class=\"section-header  ut-no-title-linebreak-mobile ut-no-lead-linebreak-mobile pt-style-7 header-center header-tablet-center header-mobile-center\"><h2 data-title=\"EUROGULD&#13;&#10;Vi har \u00f6ver 30 \u00e5rs erfarenhet av \u00e5tervinning\"  data-responsive-font=\"section_title\" data-responsive-font-settings=\"{&quot;base-font-size&quot;:&quot;global&quot;,&quot;font-size&quot;:{&quot;desktop_large&quot;:&quot;45&quot;},&quot;base-line-height&quot;:&quot;global&quot;,&quot;base-letter-spacing&quot;:&quot;global&quot;}\" class=\"section-title title-with-linebreak \"><span>EUROGULD<br \/>\nVi har \u00f6ver 30 \u00e5rs erfarenhet av \u00e5tervinning<\/span><\/h2><div data-delay=\"0\" class=\"lead title-with-linebreak\"><p>EuroGuld tillhandah\u00e5ller en rikst\u00e4ckande tj\u00e4nst av \u00e5tervinning baserat p\u00e5 v\u00e5rt unika p\u00e5ssystem. V\u00e5ra tj\u00e4nster riktar sig till privatpersoner, tandl\u00e4kare och deras patienter. Vi har en l\u00e5ng och gedigen erfarenhet i \u00e5tervinning av skrotguld och har flera hundra tusen n\u00f6jda kunder som har anlitat oss \u00f6ver \u00e5ren.<\/p>\n<p>Det skall vara enkelt och smidigt att s\u00e4lja sitt guld. Vi har \u00f6ver 30 \u00e5rs erfarenhet i branschen och m\u00e5nga n\u00f6jda kunder som \u00e5terkommer till oss g\u00e5ng p\u00e5 g\u00e5ng. Anv\u00e4nd er av v\u00e5rt p\u00e5ssystem f\u00f6r att p\u00e5 ett enkelt s\u00e4tt s\u00e4lja ert guld. Inga dolda avgifter. Vi st\u00e5r f\u00f6r portot, analyskostnader, v\u00e4rderingsavgifter och rensar tandguldet kostnadsfritt \u00e5t er. Ja \u2013 det \u00e4r s\u00e5 enkelt att s\u00e4lja guld till oss!<\/p>\n<\/div><\/header><\/div><style type=\"text\/css\">#ut_custom_heading69f3e622dd743 { font-size:20px !important; }#ut_custom_heading69f3e622dd743 { font-style:italic; }#ut_custom_heading69f3e622dd743 { text-align:center; }@media (min-width: 768px) and (max-width: 1024px) { #ut_custom_heading69f3e622dd743 { text-align:center; } }@media (max-width: 767px) { #ut_custom_heading69f3e622dd743 { text-align:center; } }<\/style><h3 id=\"ut_custom_heading69f3e622dd743\" data-responsive-font=\"h3\" data-responsive-font-settings=\"{&quot;base-font-size&quot;:&quot;global&quot;,&quot;font-size&quot;:{&quot;desktop_large&quot;:&quot;20&quot;},&quot;base-line-height&quot;:&quot;global&quot;,&quot;base-letter-spacing&quot;:&quot;global&quot;}\" class=\"ut-custom-heading-module  \" ><span class=\"\" >V\u00e5r erfarenhet \u00e4r er trygghet!<\/span><\/h3>[\/vc_column][\/vc_row]<\/p>\n<\/div>","protected":false},"excerpt":{"rendered":"<p>[vc_row css=&#8221;.vc_custom_1730378741309{margin-top: 80px !important;margin-bottom: 120px !important;}&#8221;][vc_column][\/vc_column][\/vc_row]<\/p>\n","protected":false},"author":1,"featured_media":0,"parent":0,"menu_order":0,"comment_status":"open","ping_status":"open","template":"","meta":{"_acf_changed":false,"footnotes":""},"class_list":["post-2","page","type-page","status-publish","hentry"],"acf":[],"_links":{"self":[{"href":"https:\/\/www.goldrecycling.com\/euroguld\/wp-json\/wp\/v2\/pages\/2"}],"collection":[{"href":"https:\/\/www.goldrecycling.com\/euroguld\/wp-json\/wp\/v2\/pages"}],"about":[{"href":"https:\/\/www.goldrecycling.com\/euroguld\/wp-json\/wp\/v2\/types\/page"}],"author":[{"embeddable":true,"href":"https:\/\/www.goldrecycling.com\/euroguld\/wp-json\/wp\/v2\/users\/1"}],"replies":[{"embeddable":true,"href":"https:\/\/www.goldrecycling.com\/euroguld\/wp-json\/wp\/v2\/comments?post=2"}],"version-history":[{"count":13,"href":"https:\/\/www.goldrecycling.com\/euroguld\/wp-json\/wp\/v2\/pages\/2\/revisions"}],"predecessor-version":[{"id":1079,"href":"https:\/\/www.goldrecycling.com\/euroguld\/wp-json\/wp\/v2\/pages\/2\/revisions\/1079"}],"wp:attachment":[{"href":"https:\/\/www.goldrecycling.com\/euroguld\/wp-json\/wp\/v2\/media?parent=2"}],"curies":[{"name":"wp","href":"https:\/\/api.w.org\/{rel}","templated":true}]}}