{"id":189,"date":"2016-03-29T14:31:34","date_gmt":"2016-03-29T12:31:34","guid":{"rendered":"http:\/\/www.goldrecycling.com\/euroguld\/?page_id=189"},"modified":"2024-10-31T14:07:13","modified_gmt":"2024-10-31T13:07:13","slug":"salja-ditt-skrotguld","status":"publish","type":"page","link":"https:\/\/www.goldrecycling.com\/euroguld\/salja-ditt-skrotguld\/","title":{"rendered":"Skrotguld"},"content":{"rendered":"<div class=\"wpb-content-wrapper\"><p>[vc_section][vc_row][vc_column]<div class=\"wpb_content_element \"><style type=\"text\/css\">#ut_header_69f4852eb13d7 h2.section-title { font-size:45px !important; }<\/style><header id=\"ut_header_69f4852eb13d7\" class=\"section-header  ut-no-title-linebreak-mobile ut-no-lead-linebreak-mobile pt-style-7 header-center header-tablet-center header-mobile-center\"><h2 data-title=\"S\u00e4lj ditt skrotguld till oss\"  data-responsive-font=\"section_title\" data-responsive-font-settings=\"{&quot;base-font-size&quot;:&quot;global&quot;,&quot;font-size&quot;:{&quot;desktop_large&quot;:&quot;45&quot;},&quot;base-line-height&quot;:&quot;global&quot;,&quot;base-letter-spacing&quot;:&quot;global&quot;}\" class=\"section-title  \"><span>S\u00e4lj ditt skrotguld till oss<\/span><\/h2><\/header><\/div>[\/vc_column][\/vc_row][\/vc_section][vc_row css=&#8221;.vc_custom_1730380028600{margin-bottom: 120px !important;}&#8221;][vc_column width=&#8221;1\/2&#8243;][vc_column_text]Vi \u00e4r en skrothandlare och kallar allts\u00e5 allt guld som ni s\u00e4ljer f\u00f6r skrotguld. Det inneb\u00e4r att allt guld som vi k\u00f6per sm\u00e4lter vi ner och renar s\u00e5 att det blir till nytt guld. D\u00e4rf\u00f6r spelar det inte n\u00e5gon roll f\u00f6r oss om smycken som ni s\u00e4ljer \u00e4r trasiga eller hela \u2013 ni f\u00e5r \u00e4nd\u00e5 betalt lika mycket. Ert guld hamnar inte p\u00e5 andrahandsmarknaden utan det blir en del av guldets kretslopp och \u00e5tervinns till nytt guld som anv\u00e4nds till bland annat tillverkning av nya smycken.<\/p>\n<p>F\u00f6r att guldet skall kunna bli \u201dnytt\u201d guld beh\u00f6ver det affineras vilket inneb\u00e4r att de olika metallerna i guldet separeras. Smyckesguld tillverkat i Sverige inneh\u00e5ller vanligtvis 750\/1000 guld (dvs. 18 karat). Vid affinering separeras guldet fr\u00e5n de \u00f6vriga metallerna i legeringen och kvar \u00e4r enbart rent guld. P\u00e5 s\u00e5 s\u00e4tt omvandlas skrotguldet till nytt guld som kan anv\u00e4ndas f\u00f6r att tillverka nya produkter.[\/vc_column_text][\/vc_column][vc_column width=&#8221;1\/2&#8243; css=&#8221;.vc_custom_1730379927560{padding-top: 200px !important;padding-bottom: 200px !important;background-image: url(https:\/\/www.goldrecycling.com\/euroguld\/wp-content\/uploads\/sites\/2\/2024\/10\/AdobeStock_415632769.jpg?id=1086) !important;background-position: center !important;background-repeat: no-repeat !important;background-size: cover !important;}&#8221;][\/vc_column][\/vc_row]<\/p>\n<\/div>","protected":false},"excerpt":{"rendered":"<p>[vc_section][vc_row][vc_column][\/vc_column][\/vc_row][\/vc_section][vc_row css=&#8221;.vc_custom_1730380028600{margin-bottom: 120px !important;}&#8221;][vc_column width=&#8221;1\/2&#8243;][vc_column_text]Vi \u00e4r en skrothandlare och kallar allts\u00e5 allt guld som ni s\u00e4ljer f\u00f6r skrotguld. Det inneb\u00e4r att allt guld som vi k\u00f6per sm\u00e4lter vi ner och renar s\u00e5 att det blir till nytt guld. D\u00e4rf\u00f6r spelar det inte n\u00e5gon roll f\u00f6r oss om smycken som ni s\u00e4ljer \u00e4r trasiga eller hela [&hellip;]<\/p>\n","protected":false},"author":9,"featured_media":0,"parent":0,"menu_order":0,"comment_status":"closed","ping_status":"open","template":"","meta":{"_acf_changed":false,"footnotes":""},"class_list":["post-189","page","type-page","status-publish","hentry"],"acf":[],"_links":{"self":[{"href":"https:\/\/www.goldrecycling.com\/euroguld\/wp-json\/wp\/v2\/pages\/189"}],"collection":[{"href":"https:\/\/www.goldrecycling.com\/euroguld\/wp-json\/wp\/v2\/pages"}],"about":[{"href":"https:\/\/www.goldrecycling.com\/euroguld\/wp-json\/wp\/v2\/types\/page"}],"author":[{"embeddable":true,"href":"https:\/\/www.goldrecycling.com\/euroguld\/wp-json\/wp\/v2\/users\/9"}],"replies":[{"embeddable":true,"href":"https:\/\/www.goldrecycling.com\/euroguld\/wp-json\/wp\/v2\/comments?post=189"}],"version-history":[{"count":8,"href":"https:\/\/www.goldrecycling.com\/euroguld\/wp-json\/wp\/v2\/pages\/189\/revisions"}],"predecessor-version":[{"id":1085,"href":"https:\/\/www.goldrecycling.com\/euroguld\/wp-json\/wp\/v2\/pages\/189\/revisions\/1085"}],"wp:attachment":[{"href":"https:\/\/www.goldrecycling.com\/euroguld\/wp-json\/wp\/v2\/media?parent=189"}],"curies":[{"name":"wp","href":"https:\/\/api.w.org\/{rel}","templated":true}]}}