{"id":185,"date":"2016-03-29T14:22:34","date_gmt":"2016-03-29T12:22:34","guid":{"rendered":"http:\/\/www.goldrecycling.com\/euroguld\/?page_id=185"},"modified":"2024-10-31T14:02:09","modified_gmt":"2024-10-31T13:02:09","slug":"salja-ditt-tandguld","status":"publish","type":"page","link":"https:\/\/www.goldrecycling.com\/euroguld\/salja-ditt-tandguld\/","title":{"rendered":"Tandguld"},"content":{"rendered":"<div class=\"wpb-content-wrapper\"><p>[vc_section css=&#8221;.vc_custom_1730379682110{margin-top: 80px !important;}&#8221;][vc_row][vc_column]<div class=\"wpb_content_element \"><style type=\"text\/css\">#ut_header_6a0470344bbbc h2.section-title { font-size:45px !important; }<\/style><header id=\"ut_header_6a0470344bbbc\" class=\"section-header  ut-no-title-linebreak-mobile ut-no-lead-linebreak-mobile pt-style-7 header-center header-tablet-center header-mobile-center\"><h2 data-title=\"S\u00e4lj ditt tandguld till oss\"  data-responsive-font=\"section_title\" data-responsive-font-settings=\"{&quot;base-font-size&quot;:&quot;global&quot;,&quot;font-size&quot;:{&quot;desktop_large&quot;:&quot;45&quot;},&quot;base-line-height&quot;:&quot;global&quot;,&quot;base-letter-spacing&quot;:&quot;global&quot;}\" class=\"section-title  \"><span>S\u00e4lj ditt tandguld till oss<\/span><\/h2><\/header><\/div>[\/vc_column][\/vc_row][\/vc_section][vc_row css=&#8221;.vc_custom_1730379703762{margin-bottom: 120px !important;}&#8221;][vc_column width=&#8221;1\/2&#8243;][vc_column_text css=&#8221;&#8221;]Vi k\u00f6per ert tandguld. L\u00e5t inte tandguldet ligga och skr\u00e4pa i byr\u00e5l\u00e5dan. Skicka in det till oss d\u00e4r guld blir pengar. Vanligtvis inneh\u00e5ller tandguld mellan 14-18 karat guld. Det kan d\u00e4rf\u00f6r vara en slant som bara ligger och skr\u00e4par i byr\u00e5l\u00e5dan. Skicka in ert tandguld redan idag!<\/p>\n<p>Tandguld har anv\u00e4nts under m\u00e5nga \u00e5r. Guld \u00e4r en mjuk och formbar metall som \u00e4r enkel att arbeta med s\u00e5 d\u00e4rf\u00f6r har det anv\u00e4nds mycket i tandarbeten, vanligtvis i legerad form. Under m\u00e5nga \u00e5r var tandv\u00e5rden subventionerad och det var f\u00f6rh\u00e5llandevis billigt f\u00f6r patienterna att s\u00e4tta in tandguld n\u00e4r arbeten p\u00e5 t\u00e4nderna m\u00e5ste g\u00f6ras. Idag \u00e4r subventionerna borta och guldet h\u00f6gt v\u00e4rderat vilket g\u00f6r att det blir dyrt att s\u00e4tta in tandguld. Det anv\u00e4nds d\u00e4rf\u00f6r m\u00e5nga andra metaller ist\u00e4llet idag. \u00c4n finns det mycket guld kvar i mun men det h\u00e5ller succesivt p\u00e5 att minska och kommer p\u00e5 sikt n\u00e4stan att f\u00f6rsvinna helt om det inte sker n\u00e5gon f\u00f6r\u00e4ndring.<\/p>\n<p>Vi rensar tandguldet kostnadsfritt \u00e5t er s\u00e5 ni kan skicka in tanden s\u00e5 som ni f\u00e5r den av tandl\u00e4karen men porslin, rot, gom- ja allt kan vara kvar p\u00e5. Vi tar sedan bort allt som inte \u00e4r guld och ni f\u00e5r betalt f\u00f6r ert tandguld.<\/p>\n<p>S\u00e4lj ert tandguld till oss! <a href=\"http:\/\/www.goldrecycling.com\/euroguld\/bestall-var-guldpase\/\">Best\u00e4ll en kostnadsfri p\u00e5se h\u00e4r<\/a>.[\/vc_column_text][\/vc_column][vc_column width=&#8221;1\/2&#8243; css=&#8221;.vc_custom_1730379531226{padding-top: 200px !important;padding-bottom: 200px !important;background-image: url(https:\/\/www.goldrecycling.com\/euroguld\/wp-content\/uploads\/sites\/2\/2024\/10\/AdobeStock_1034127753.jpg?id=1082) !important;background-position: center !important;background-repeat: no-repeat !important;background-size: cover !important;}&#8221;][\/vc_column][\/vc_row]<\/p>\n<\/div>","protected":false},"excerpt":{"rendered":"<p>[vc_section css=&#8221;.vc_custom_1730379682110{margin-top: 80px !important;}&#8221;][vc_row][vc_column][\/vc_column][\/vc_row][\/vc_section][vc_row css=&#8221;.vc_custom_1730379703762{margin-bottom: 120px !important;}&#8221;][vc_column width=&#8221;1\/2&#8243;][vc_column_text css=&#8221;&#8221;]Vi k\u00f6per ert tandguld. L\u00e5t inte tandguldet ligga och skr\u00e4pa i byr\u00e5l\u00e5dan. Skicka in det till oss d\u00e4r guld blir pengar. Vanligtvis inneh\u00e5ller tandguld mellan 14-18 karat guld. Det kan d\u00e4rf\u00f6r vara en slant som bara ligger och skr\u00e4par i byr\u00e5l\u00e5dan. Skicka in ert tandguld redan idag! [&hellip;]<\/p>\n","protected":false},"author":9,"featured_media":0,"parent":0,"menu_order":0,"comment_status":"closed","ping_status":"open","template":"","meta":{"_acf_changed":false,"footnotes":""},"class_list":["post-185","page","type-page","status-publish","hentry"],"acf":[],"_links":{"self":[{"href":"https:\/\/www.goldrecycling.com\/euroguld\/wp-json\/wp\/v2\/pages\/185"}],"collection":[{"href":"https:\/\/www.goldrecycling.com\/euroguld\/wp-json\/wp\/v2\/pages"}],"about":[{"href":"https:\/\/www.goldrecycling.com\/euroguld\/wp-json\/wp\/v2\/types\/page"}],"author":[{"embeddable":true,"href":"https:\/\/www.goldrecycling.com\/euroguld\/wp-json\/wp\/v2\/users\/9"}],"replies":[{"embeddable":true,"href":"https:\/\/www.goldrecycling.com\/euroguld\/wp-json\/wp\/v2\/comments?post=185"}],"version-history":[{"count":7,"href":"https:\/\/www.goldrecycling.com\/euroguld\/wp-json\/wp\/v2\/pages\/185\/revisions"}],"predecessor-version":[{"id":1081,"href":"https:\/\/www.goldrecycling.com\/euroguld\/wp-json\/wp\/v2\/pages\/185\/revisions\/1081"}],"wp:attachment":[{"href":"https:\/\/www.goldrecycling.com\/euroguld\/wp-json\/wp\/v2\/media?parent=185"}],"curies":[{"name":"wp","href":"https:\/\/api.w.org\/{rel}","templated":true}]}}