{"id":13,"date":"2015-04-05T13:06:20","date_gmt":"2015-04-05T11:06:20","guid":{"rendered":"http:\/\/www.goldrecycling.com\/euroguld\/?page_id=13"},"modified":"2024-11-04T16:41:56","modified_gmt":"2024-11-04T15:41:56","slug":"aktuella-guldpriser","status":"publish","type":"page","link":"https:\/\/www.goldrecycling.com\/euroguld\/aktuella-guldpriser\/","title":{"rendered":"Guldpriser"},"content":{"rendered":"<div class=\"wpb-content-wrapper\"><p>[vc_row][vc_column width=&#8221;1\/6&#8243;][\/vc_column][vc_column width=&#8221;2\/3&#8243;][vc_column_text css=&#8221;&#8221;]<\/p>\n<h1>Dagens aktuella guldpris<\/h1>\n<p>S\u00e4lj ditt guld och silver redan idag och f\u00e5 h\u00f6ga dagspriser! Best\u00e4ll er p\u00e5se redan idag. Guldpriset s\u00e4tts varje dag p\u00e5 de stora metallb\u00f6rserna i London, Tokyo och New York d\u00e4r de r\u00e4knas om till US dollar per troy ounce. Ett troy ounce \u00e4r 31,1035 gram. Vi anv\u00e4nder Londons f\u00f6rmiddags fix kombinerat med Handelsbankens v\u00e4xelkurs klockan 11:00 som grund f\u00f6r guldpriset vi betalar er kunder. S\u00e5ledes \u00e4ndras priserna varje dag. Guldpriset g\u00e5r upp och ner men \u00f6ver tid \u00e4r trenden en st\u00e4ndig uppg\u00e5ng.<\/p>\n<p>\u00c4r ni intresserade av att k\u00f6pa investeringsguld eller investeringssilver kan ni g\u00f6ra det hos oss ocks\u00e5. Ni kan \u00e4ven byta ut ert guld och silver mot tackor. Investeringsguld \u00e4r momsfritt och erh\u00e5lles oftast i form av guldtackor. Det finns alltifr\u00e5n 5 grams guldtackor till tackor p\u00e5 flera kilo.\u00a0F\u00f6r mer information och f\u00f6r priser kontakta oss p\u00e5 031-72 72 205 eller skicka ett mail p\u00e5 info@euroguld.com.[\/vc_column_text]<div class=\"wpb_content_element  \"><style>\n       .errordiv { padding:10px; margin:10px; border: 1px solid #555555;color: #000000;background-color: #f8f8f8; width:500px; }#priser {visibility:visible;opacity:1;vertical-align:top;}.ai-info-bottom-iframe { position: fixed; z-index: 10000; bottom:0; left: 0; margin: 0px; text-align: center; width: 100%; background-color: #ff9999; padding-left: 5px;padding-bottom: 5px; border-top: 1px solid #aaa } a.ai-bold {font-weight: bold;}#ai-layer-div-priser p {height:100%;margin:0;padding:0}<\/style><script type=\"text\/javascript\">var ai_iframe_width_priser = 0;var ai_iframe_height_priser = 0;var aiOnloadScrollTop=\"true\";var aiShowDebug=false;\n\t\tif (typeof aiReadyCallbacks === 'undefined') {\n\t\t\tvar aiReadyCallbacks = [];\n\t\t} else if (!(aiReadyCallbacks instanceof Array)) {\n\t\t\tvar aiReadyCallbacks = [];\n\t\t}    function aiShowIframeId(id_iframe) { jQuery(\"#\"+id_iframe).css(\"visibility\", \"visible\");    }    function aiResizeIframeHeight(height) { aiResizeIframeHeight(height,priser); }    function aiResizeIframeHeightId(height,width,id) {aiResizeIframeHeightById(id,height);}<\/script><iframe id=\"priser\"  name=\"priser\"  src=\"https:\/\/www.goldrecycling.com\/6577-2\/\"  width=\"100%\"  height=\"600\"  scrolling=\"auto\"  frameborder=\"0\"  border=\"0\"  allowtransparency=\"true\"  loading=\"lazy\"  title=\"Metallpriser\"  style=\";border-width: 0px;;border: none;;width:100%;;height:600px;\"  allowfullscreen  onload='aiResizeIframe(this, &quot;false&quot;,&quot;1&quot;)' ><\/iframe><script type=\"text\/javascript\">var ifrm_priser = document.getElementById(\"priser\");var hiddenTabsDonepriser = false;\nfunction resizeCallbackpriser() {}<\/script><script type=\"text\/javascript\"><\/script><p style=\"display:block !important; visibility:visible !important;margin: -18px 14px 0 0;padding-left: 3px;padding-top:3px;background: white; overflow: hidden; position: relative; line-height:15px;width: fit-content;\"><small style=\"display:block !important;visibility:visible !important\">powered by Advanced iFrame<\/small><\/p><\/div>[\/vc_column][vc_column width=&#8221;1\/6&#8243;][\/vc_column][\/vc_row]<\/p>\n<\/div>","protected":false},"excerpt":{"rendered":"<p>[vc_row][vc_column width=&#8221;1\/6&#8243;][\/vc_column][vc_column width=&#8221;2\/3&#8243;][vc_column_text css=&#8221;&#8221;] Dagens aktuella guldpris S\u00e4lj ditt guld och silver redan idag och f\u00e5 h\u00f6ga dagspriser! Best\u00e4ll er p\u00e5se redan idag. Guldpriset s\u00e4tts varje dag p\u00e5 de stora metallb\u00f6rserna i London, Tokyo och New York d\u00e4r de r\u00e4knas om till US dollar per troy ounce. Ett troy ounce \u00e4r 31,1035 gram. Vi anv\u00e4nder [&hellip;]<\/p>\n","protected":false},"author":1,"featured_media":0,"parent":0,"menu_order":0,"comment_status":"closed","ping_status":"closed","template":"","meta":{"_acf_changed":false,"footnotes":""},"class_list":["post-13","page","type-page","status-publish","hentry"],"acf":[],"_links":{"self":[{"href":"https:\/\/www.goldrecycling.com\/euroguld\/wp-json\/wp\/v2\/pages\/13"}],"collection":[{"href":"https:\/\/www.goldrecycling.com\/euroguld\/wp-json\/wp\/v2\/pages"}],"about":[{"href":"https:\/\/www.goldrecycling.com\/euroguld\/wp-json\/wp\/v2\/types\/page"}],"author":[{"embeddable":true,"href":"https:\/\/www.goldrecycling.com\/euroguld\/wp-json\/wp\/v2\/users\/1"}],"replies":[{"embeddable":true,"href":"https:\/\/www.goldrecycling.com\/euroguld\/wp-json\/wp\/v2\/comments?post=13"}],"version-history":[{"count":53,"href":"https:\/\/www.goldrecycling.com\/euroguld\/wp-json\/wp\/v2\/pages\/13\/revisions"}],"predecessor-version":[{"id":1106,"href":"https:\/\/www.goldrecycling.com\/euroguld\/wp-json\/wp\/v2\/pages\/13\/revisions\/1106"}],"wp:attachment":[{"href":"https:\/\/www.goldrecycling.com\/euroguld\/wp-json\/wp\/v2\/media?parent=13"}],"curies":[{"name":"wp","href":"https:\/\/api.w.org\/{rel}","templated":true}]}}